{"id":2159,"date":"2018-09-29T11:02:07","date_gmt":"2018-09-29T11:02:07","guid":{"rendered":"http:\/\/158.42.101.153\/wordpress\/?page_id=2159"},"modified":"2018-11-09T23:50:30","modified_gmt":"2018-11-09T22:50:30","slug":"presentacion-2","status":"publish","type":"page","link":"https:\/\/inred2019.blogs.upv.es\/ca\/presentacion-2\/","title":{"rendered":"Presentaci\u00f3"},"content":{"rendered":"<p>[vc_row][vc_column][vc_separator][vc_empty_space height=&#8221;15px&#8221;][vc_column_text]La Universitat Polit\u00e8cnica de Val\u00e8ncia convoca el Congr\u00e9s d&#8217;Innovaci\u00f3 Educativa i Doc\u00e8ncia en Xarxa IN-RED 2019 que tindr\u00e0 lloc en la ciutat de VAL\u00c8NCIA els dies 11 i 12 de juliol de 2019, organitzat conjuntament pel Vicerectorat de Recursos Digitals i Documentaci\u00f3 i el Vicerectorat d&#8217;Estudis, Qualitat i Acreditaci\u00f3 de la Universitat Polit\u00e8cnica de Val\u00e8ncia.<\/p>\n<p>L&#8217;experi\u00e8ncia viscuda en edicions anteriors del congr\u00e9s ens ha portat a plantejar una nova edici\u00f3 del mateix, amb la finalitat d&#8217;oferir de nou l&#8217;oportunitat de mostrar diferents experi\u00e8ncies docents basades en la innovaci\u00f3, desenvolupament de metodologies, implantaci\u00f3 de millores en l&#8217;aula, etc., totes elles relacionades directa o indirectament amb la qualitat dels processos d&#8217;ensenyament aprenentatge desenvolupats en l&#8217;\u00e0mbit de l&#8217;educaci\u00f3 superior.<\/p>\n<p>Sota el lema &#8220;La educaci\u00f3 superior com a agent del proc\u00e9s integral de l&#8217;estudiant&#8221; s&#8217;intentar\u00e0 aportar evid\u00e8ncies sobre com l&#8217;objectiu de l&#8217;educaci\u00f3 superior \u00e9s formar integralment a l&#8217;alumne per al seu desenvolupament en la societat. Una formaci\u00f3 que abaste no solament el contingut curricular, sin\u00f3 tamb\u00e9 compet\u00e8ncies m\u00e9s enll\u00e0 dels continguts, de manera que li capaciten de cara a poder desembolicar-se dins del m\u00f3n laboral i social.<\/p>\n<p>Des del Comit\u00e8 Organitzador de Congr\u00e9s d&#8217;Innovaci\u00f3 Educativa i Doc\u00e8ncia en Xarxa IN-RED 2019 ens complau convidar-los a presentar propostes de treballs en l&#8217;\u00e0mbit de l&#8217;ensenyament superior relatius a les \u00e0rees tem\u00e0tiques seg\u00fcents:<\/p>\n<ul>\n<li><strong>Formaci\u00f3 per al desenvolupament de compet\u00e8ncies docents<\/strong><\/li>\n<li><strong>Desenvolupament de compet\u00e8ncies en l&#8217;alumne<\/strong><\/li>\n<li><strong>Metodologies d&#8217;ensenyament\/aprenentatge<\/strong><\/li>\n<li><strong>Recursos tecnol\u00f2gics per a la doc\u00e8ncia<\/strong><\/li>\n<li><strong>Implementaci\u00f3 d&#8217;innovacions en l&#8217;aula<\/strong><\/li>\n<li><strong>Incorporaci\u00f3 d&#8217;ODS en l&#8217;educaci\u00f3 superior<\/strong><\/li>\n<\/ul>\n<hr \/>\n<p>Us animem per tant a participar en IN-RED 2019 i a compartir les vostres experi\u00e8ncies i idees innovadores\u00a0 per a aconseguir millorar de forma cont\u00ednua l&#8217;efic\u00e0cia i la qualitat de la doc\u00e8ncia universit\u00e0ria. Cordialment.[\/vc_column_text][vc_empty_space height=&#8221;50px&#8221;]<div class=\"row thumbnails speaker clear \"><\/div>[vc_column_text]<\/p>\n<p style=\"text-align: center\">Comit\u00e9 Executiu IN-RED 2019<\/p>\n<p>[\/vc_column_text][\/vc_column][\/vc_row]<\/p>\n\n<div class=\"twitter-share\"><a href=\"https:\/\/twitter.com\/intent\/tweet?via=InRedCongreso\" class=\"twitter-share-button\" data-size=\"large\">Tweet<\/a><\/div>\n","protected":false},"excerpt":{"rendered":"<p>[vc_row][vc_column][vc_separator][vc_empty_space height=&#8221;15px&#8221;][vc_column_text]La Universitat Polit\u00e8cnica de Val\u00e8ncia convoca el Congr\u00e9s d&#8217;Innovaci\u00f3 Educativa i Doc\u00e8ncia en Xarxa IN-RED 2019 que tindr\u00e0 lloc en la ciutat de VAL\u00c8NCIA els dies 11 i 12 de juliol de 2019, organitzat conjuntament pel Vicerectorat de Recursos Digitals i<\/p>\n","protected":false},"author":19,"featured_media":0,"parent":0,"menu_order":1,"comment_status":"closed","ping_status":"closed","template":"","meta":{"footnotes":"","_links_to":"","_links_to_target":""},"class_list":["post-2159","page","type-page","status-publish","hentry"],"_links":{"self":[{"href":"https:\/\/inred2019.blogs.upv.es\/ca\/wp-json\/wp\/v2\/pages\/2159","targetHints":{"allow":["GET"]}}],"collection":[{"href":"https:\/\/inred2019.blogs.upv.es\/ca\/wp-json\/wp\/v2\/pages"}],"about":[{"href":"https:\/\/inred2019.blogs.upv.es\/ca\/wp-json\/wp\/v2\/types\/page"}],"author":[{"embeddable":true,"href":"https:\/\/inred2019.blogs.upv.es\/ca\/wp-json\/wp\/v2\/users\/19"}],"replies":[{"embeddable":true,"href":"https:\/\/inred2019.blogs.upv.es\/ca\/wp-json\/wp\/v2\/comments?post=2159"}],"version-history":[{"count":0,"href":"https:\/\/inred2019.blogs.upv.es\/ca\/wp-json\/wp\/v2\/pages\/2159\/revisions"}],"wp:attachment":[{"href":"https:\/\/inred2019.blogs.upv.es\/ca\/wp-json\/wp\/v2\/media?parent=2159"}],"curies":[{"name":"wp","href":"https:\/\/api.w.org\/{rel}","templated":true}]}}