{"id":14236,"date":"2018-11-07T13:47:22","date_gmt":"2018-11-07T12:47:22","guid":{"rendered":"http:\/\/inred2019.blogs.upv.es\/?page_id=14236"},"modified":"2018-11-22T15:07:22","modified_gmt":"2018-11-22T14:07:22","slug":"call-for-papers-2","status":"publish","type":"page","link":"https:\/\/inred2019.blogs.upv.es\/ca\/call-for-papers-2\/","title":{"rendered":"Call for papers"},"content":{"rendered":"<p>[vc_row section_id=&#8221;sponsors&#8221; css=&#8221;.vc_custom_1541661427674{margin-top: 0px !important;margin-bottom: 0px !important;border-top-width: 0px !important;border-bottom-width: 0px !important;padding-top: 0px !important;padding-bottom: 0px !important;}&#8221; fullwidth=&#8221;no&#8221; el_id=&#8221;sponsors&#8221; parallax_bg=&#8221;0&#8243; stellar_background_ratio=&#8221;0.6&#8243;][vc_column][vc_message message_box_style=&#8221;3d&#8221;]<strong>Pots enviar els teus treballs a INRED 2019 fins al 25 de mar\u00e7 2019<\/strong>[\/vc_message][vc_empty_space height=&#8221;15px&#8221;][vc_tta_tabs][vc_tta_section i_icon_fontawesome=&#8221;fa fa-podcast&#8221; add_icon=&#8221;true&#8221; title=&#8221;`{`:es`}`Presentaci\u00f3n`{`:ca`}`Presentaci\u00f3`{`:`}`&#8221; tab_id=&#8221;1541443378163-02065e65-b883&#8243;][vc_separator color=&#8221;pink&#8221;][vc_empty_space height=&#8221;20px&#8221;][vc_column_text]Des del Comit\u00e8 Organitzador del V Congr\u00e9s d&#8217;Innovaci\u00f3 Educativa i Doc\u00e8ncia en Xarxa INRED 2019 ens complau convidar-los a presentar propostes de treballs en l&#8217;\u00e0mbit de l&#8217;ensenyament superior relatius a les \u00e0rees tem\u00e0tiques seg\u00fcents:<\/p>\n<p style=\"padding-left: 30px\"><strong>\u2013 Formaci\u00f3 per al desenvolupament de compet\u00e8ncies docents<\/strong><\/p>\n<p style=\"padding-left: 30px\"><strong>\u2013 Desenvolupament de compet\u00e8ncies en l&#8217;alumne<\/strong><\/p>\n<p style=\"padding-left: 30px\"><strong>\u2013 Metodologies d&#8217;ensenyament\/aprenentatge<\/strong><\/p>\n<p style=\"padding-left: 30px\"><strong>\u2013 Recursos tecnol\u00f2gics per a la doc\u00e8ncia<\/strong><\/p>\n<p style=\"padding-left: 30px\"><strong>\u2013 Implementaci\u00f3 d&#8217;innovacions a l&#8217;aula<\/strong><\/p>\n<p style=\"padding-left: 30px\"><strong>\u2013 Incorporaci\u00f3 de ODS en l&#8217;educaci\u00f3 superior<\/strong><\/p>\n<p>[\/vc_column_text][\/vc_tta_section][vc_tta_section i_icon_fontawesome=&#8221;fa fa-paper-plane-o&#8221; add_icon=&#8221;true&#8221; title=&#8221;`{`:es`}`Normativa y env\u00edo`{`:ca`}`Normativa i enviament`{`:`}`&#8221; tab_id=&#8221;1541443378394-9cf5d82a-d645&#8243;][vc_separator color=&#8221;pink&#8221;][vc_empty_space height=&#8221;15px&#8221;][vc_message message_box_style=&#8221;3d&#8221; message_box_color=&#8221;warning&#8221; icon_fontawesome=&#8221;fa fa-exclamation-triangle&#8221;]<span style=\"color: #800000\"><strong>Normativa\u00a0IMPORTANT a tenir en compte:<\/strong><\/span>[\/vc_message][vc_column_text]<\/p>\n<p style=\"padding-left: 30px\">&#8211; Per a la revisi\u00f3 i acceptaci\u00f3 dels treballs\u00a0\u00e9s\u00a0necessari enviar la <strong>COMUNICACI\u00d3 COMPLETA<\/strong>, seguint les normes de publicaci\u00f3 i la\u00a0plantilla proposada, en format .docx (o si utilitza la plantilla LaTeX en .pdf\u00a0). Les comunicacions hauran de tenir una <strong>extensi\u00f3 m\u00ednima de 5 p\u00e0gines i m\u00e0xima de 15<\/strong>.<\/p>\n<p style=\"padding-left: 30px\">&#8211;\u00a0L&#8217;idioma oficial del congr\u00e9s \u00e9s el <strong>castell\u00e0<\/strong>, no obstant aix\u00f2 s&#8217;acceptaran excepcionalment publicacions en angl\u00e8s.<\/p>\n<p style=\"padding-left: 30px\">&#8211; El comit\u00e8 organitzador decidir\u00e0, atenent a les recomanacions del comit\u00e8 cient\u00edfic\u00a0i a l&#8217;organitzaci\u00f3\u00a0del programa del congr\u00e9s, quines comunicacions es realitzaran en format oral i quins en format p\u00f2ster, comunicant-li-ho als autors amb suficient antelaci\u00f3.<\/p>\n<p style=\"padding-left: 30px\">&#8211; L&#8217;acceptaci\u00f3 dels treballs pot comportar propostes de millora que hauran de ser tingudes en compte per a la seva presentaci\u00f3 i acceptaci\u00f3 final.<\/p>\n<p style=\"padding-left: 30px\">&#8211; La inscripci\u00f3 donar\u00e0 dret a la defensa d&#8217;un m\u00e0xim de dos treballs.<\/p>\n<p style=\"padding-left: 30px\">&#8211; El t\u00edtol i autors del treball finalment publicat haur\u00e0 de coincidir amb l&#8217;inicialment presentat i acceptat.<\/p>\n<p style=\"padding-left: 30px\">&#8211; La\u00a0data l\u00edmit d&#8217;enviament de treballs\u00a0ser\u00e0 el\u00a0<strong>25 de mar\u00e7 de 2019<\/strong>.<\/p>\n<p style=\"padding-left: 30px\">&#8211; Totes les comunicacions acceptades, independentment del format de la seva presentaci\u00f3 (oral o p\u00f2ster) <strong>seran publicades en les Actes de Congr\u00e9s (sempre que es realitzi la defensa presencial del treball)<\/strong>, per aix\u00f2 \u00e9s obligatori que les contribucions siguin originals, havent de presentar experi\u00e8ncies pr\u00e0ctiques i evid\u00e8ncies emp\u00edriques. Els treballs que hagin estat acceptats i remesos dintre del termini i en la forma escaient correctes, seran publicats per la Universitat Polit\u00e8cnica de Val\u00e8ncia amb l&#8217;identificador pertinent.<\/p>\n<p style=\"padding-left: 30px\">&#8211; Els enviaments hauran de realitzar-se mitjan\u00e7ant la plataforma a la qual s&#8217;accedeix prement el seg\u00fcent bot\u00f3 de &#8220;Enviar paper&#8221;. Ha de\u00a0\u00a0realitzar l&#8217;enviament seguint\u00a0<a href=\"http:\/\/inred2019.blogs.upv.es\/wp-content\/uploads\/2018\/11\/Env\u00edo-paper-easychair-castellano.pdf\" target=\"_blank\" rel=\"noopener\">aquestes\u00a0instruccions<\/a>\u00a0i\u00a0ser\u00e0 necessari incloure\u00a0la informaci\u00f3 completa de tots els autors participants (nom i cognoms, filiaci\u00f3 i correu electr\u00f2nic), per poder acceptar la comunicaci\u00f3.<\/p>\n<p>[\/vc_column_text][vc_empty_space height=&#8221;20px&#8221;][\/vc_tta_section][vc_tta_section i_icon_fontawesome=&#8221;fa fa-file-pdf-o&#8221; add_icon=&#8221;true&#8221; title=&#8221;`{`:es`}`Plantillas`{`:ca`}`Plantilles`{`:`}`&#8221; tab_id=&#8221;1541443378601-ae91bb1c-7300&#8243;][vc_separator color=&#8221;pink&#8221;][vc_empty_space height=&#8221;15px&#8221;][vc_column_text]Per presentar una comunicaci\u00f3 es prega seguir alguna de les plantilles facilitades a continuaci\u00f3:[\/vc_column_text][vc_empty_space height=&#8221;25px&#8221;][vc_row_inner][vc_column_inner width=&#8221;1\/2&#8243;][vc_icon icon_fontawesome=&#8221;fa fa-file-pdf-o&#8221; size=&#8221;xl&#8221; align=&#8221;center&#8221; link=&#8221;url:http%3A%2F%2Finred2019.blogs.upv.es%2Ffiles%2F2018%2F11%2FPlantilla_Congresos_17x24-ok-2019.docx||target:%20_blank|&#8221;][vc_column_text]<\/p>\n<p style=\"text-align: center\"><a href=\"http:\/\/inred2019.blogs.upv.es\/wp-content\/uploads\/2018\/11\/Plantilla_Congresos_17x24-ok-2019-1.docx\"><span style=\"color: #333333\">Plantilla Word<\/span><\/a><\/p>\n<p>[\/vc_column_text][\/vc_column_inner][vc_column_inner width=&#8221;1\/2&#8243;][vc_icon icon_fontawesome=&#8221;fa fa-file-excel-o&#8221; color=&#8221;juicy_pink&#8221; size=&#8221;xl&#8221; align=&#8221;center&#8221; link=&#8221;url:http%3A%2F%2Finred2019.blogs.upv.es%2Ffiles%2F2018%2F11%2FPlantilla_LaTeX_IN-RED_2019.zip||target:%20_blank|&#8221;][vc_column_text]<\/p>\n<p style=\"text-align: center\"><a href=\"http:\/\/inred2019.blogs.upv.es\/wp-content\/uploads\/2018\/11\/Plantilla_LaTeX_IN-RED_2019.zip\" target=\"_blank\" rel=\"noopener\"><span style=\"color: #333333\">Plantilla LaTeX<\/span><\/a><\/p>\n<p>[\/vc_column_text][vc_column_text]<\/p>\n<p style=\"text-align: center\">Accedix online en: <a href=\"https:\/\/www.overleaf.com\/read\/qjhxxhzmfrnt\" target=\"_blank\" rel=\"noopener\">https:\/\/www.overleaf.com\/read\/qjhxxhzmfrnt<\/a><\/p>\n<p>[\/vc_column_text][\/vc_column_inner][\/vc_row_inner][\/vc_tta_section][vc_tta_section i_icon_fontawesome=&#8221;fa fa-calendar&#8221; add_icon=&#8221;true&#8221; title=&#8221;`{`:es`}`Fechas clave`{`:ca`}`Dates clau`{`:`}`&#8221; tab_id=&#8221;1541443379297-495233ba-b708&#8243;][vc_separator color=&#8221;pink&#8221;][vc_empty_space height=&#8221;15px&#8221;][vc_column_text]<\/p>\n<p style=\"padding-left: 30px\"><span style=\"color: #333333\"><strong>&#8211; Data l\u00edmit per a l&#8217;enviament de treballs:<\/strong>\u00a0<span style=\"color: #800000\"><strong>25\/03\/2019<\/strong><\/span><\/span><\/p>\n<p style=\"padding-left: 30px\"><span style=\"color: #333333\"><strong>&#8211; Notificaci\u00f3 de l&#8217;acceptaci\u00f3 o rebuig de les comunicacions:\u00a0<\/strong><\/span><strong><span style=\"color: #800000\">13\/05\/2019<\/span><\/strong><\/p>\n<p style=\"padding-left: 30px\"><span style=\"color: #333333\"><strong>&#8211; Inscripci\u00f3 de l&#8217;autor:<\/strong>\u00a0Una vegada acceptada una comunicaci\u00f3, perqu\u00e8 aquesta sigui presentada al Congr\u00e9s, \u00e9s imprescindible que almenys un dels autors estigui inscrit al congr\u00e9s abans del <strong><span style=\"color: #800000\">17\/06\/2019<\/span><\/strong><\/span><\/p>\n<p>[\/vc_column_text][\/vc_tta_section][\/vc_tta_tabs][vc_btn title=&#8221;Enviar paper&#8221; color=&#8221;mulled-wine&#8221; i_align=&#8221;right&#8221; i_icon_fontawesome=&#8221;fa fa-paper-plane-o&#8221; add_icon=&#8221;true&#8221; link=&#8221;url:https%3A%2F%2Feasychair.org%2Fconferences%2F%3Fconf%3Dinred2019||target:%20_blank|&#8221;][\/vc_column][\/vc_row]<\/p>\n\n<div class=\"twitter-share\"><a href=\"https:\/\/twitter.com\/intent\/tweet?via=InRedCongreso\" class=\"twitter-share-button\" data-size=\"large\">Tweet<\/a><\/div>\n","protected":false},"excerpt":{"rendered":"<p>[vc_row section_id=&#8221;sponsors&#8221; css=&#8221;.vc_custom_1541661427674{margin-top: 0px !important;margin-bottom: 0px !important;border-top-width: 0px !important;border-bottom-width: 0px !important;padding-top: 0px !important;padding-bottom: 0px !important;}&#8221; fullwidth=&#8221;no&#8221; el_id=&#8221;sponsors&#8221; parallax_bg=&#8221;0&#8243; stellar_background_ratio=&#8221;0.6&#8243;][vc_column][vc_message message_box_style=&#8221;3d&#8221;]Pots enviar els teus treballs a INRED 2019 fins al 25 de mar\u00e7 2019[\/vc_message][vc_empty_space height=&#8221;15px&#8221;][vc_tta_tabs][vc_tta_section i_icon_fontawesome=&#8221;fa fa-podcast&#8221; add_icon=&#8221;true&#8221; title=&#8221;`{`:es`}`Presentaci\u00f3n`{`:ca`}`Presentaci\u00f3`{`:`}`&#8221; tab_id=&#8221;1541443378163-02065e65-b883&#8243;][vc_separator color=&#8221;pink&#8221;][vc_empty_space height=&#8221;20px&#8221;][vc_column_text]Des del<\/p>\n","protected":false},"author":19,"featured_media":0,"parent":0,"menu_order":0,"comment_status":"closed","ping_status":"closed","template":"","meta":{"footnotes":"","_links_to":"","_links_to_target":""},"class_list":["post-14236","page","type-page","status-publish","hentry"],"_links":{"self":[{"href":"https:\/\/inred2019.blogs.upv.es\/ca\/wp-json\/wp\/v2\/pages\/14236","targetHints":{"allow":["GET"]}}],"collection":[{"href":"https:\/\/inred2019.blogs.upv.es\/ca\/wp-json\/wp\/v2\/pages"}],"about":[{"href":"https:\/\/inred2019.blogs.upv.es\/ca\/wp-json\/wp\/v2\/types\/page"}],"author":[{"embeddable":true,"href":"https:\/\/inred2019.blogs.upv.es\/ca\/wp-json\/wp\/v2\/users\/19"}],"replies":[{"embeddable":true,"href":"https:\/\/inred2019.blogs.upv.es\/ca\/wp-json\/wp\/v2\/comments?post=14236"}],"version-history":[{"count":0,"href":"https:\/\/inred2019.blogs.upv.es\/ca\/wp-json\/wp\/v2\/pages\/14236\/revisions"}],"wp:attachment":[{"href":"https:\/\/inred2019.blogs.upv.es\/ca\/wp-json\/wp\/v2\/media?parent=14236"}],"curies":[{"name":"wp","href":"https:\/\/api.w.org\/{rel}","templated":true}]}}